{"id":25,"date":"2021-06-28T10:55:04","date_gmt":"2021-06-28T09:55:04","guid":{"rendered":"http:\/\/www.20thDeMonDevelopersWK.universite-paris-saclay.fr\/?page_id=25"},"modified":"2021-06-30T08:46:21","modified_gmt":"2021-06-30T07:46:21","slug":"welcome","status":"publish","type":"page","link":"http:\/\/www.20thDeMonDevelopersWK.universite-paris-saclay.fr\/","title":{"rendered":"Home"},"content":{"rendered":"\n<h2>History<\/h2>\n\n\n\n<p style=\"font-size:18px\">Since 2000 the &#8220;deMon developers workshops&#8221; serve to discuss the program evolutions. It has become a good custom to make it a scientific forum for discussions with\u00a0 scientists who are familiar with other methods, algorithms and programs, not common to the deMon developer\u2019s community.<\/p>\n\n\n\n<p style=\"font-size:18px\">The presentations will cover topics related to electronic structure methods, molecular property calculations and molecular dynamics techniques, simulations and analysis tools. Round table discussions will be also organized with the purpose to discuss the developing work in progress and to prepare the future action items (see program page).<\/p>\n\n\n\n<p style=\"font-size:18px\">Previous \u201cdeMon developers\u201d workshops were held in Canada 2000, Mexico 2001, Switzerland 2002, Sweden 2003, Italy 2004, <a href=\"http:\/\/theory.chm.tu-dresden.de\/deMon\/\">Germany 2005<\/a>, Canada 2006, France 2007, India 2009, <a href=\"http:\/\/zeus.qui.ufmg.br\/~duarteh\/demon\/welcome.html\" data-type=\"URL\" data-id=\"http:\/\/zeus.qui.ufmg.br\/~duarteh\/demon\/welcome.html\">Brazil 2010<\/a>, Germany 2011, <a href=\"https:\/\/tacc2008.sjtu.edu.cn\/deMon2012\/list_of_participants.html\" data-type=\"URL\" data-id=\"https:\/\/tacc2008.sjtu.edu.cn\/deMon2012\/list_of_participants.html\">China 2012<\/a>, France 2013, <a href=\"http:\/\/micrositios.cinvestav.mx\/demon14\/\" data-type=\"URL\" data-id=\"http:\/\/micrositios.cinvestav.mx\/demon14\/\">Mexico 2014<\/a>, Bulgaria 2015,<a href=\"https:\/\/tacc2008.sjtu.edu.cn\/deMon2016\/background.html\" data-type=\"URL\" data-id=\"https:\/\/tacc2008.sjtu.edu.cn\/deMon2016\/background.html\"> China 2016<\/a>, <a href=\"http:\/\/wcm.ucalgary.ca\/dennis-salahub-lab\/17th-demon-developers-workshop\" data-type=\"URL\" data-id=\"http:\/\/wcm.ucalgary.ca\/dennis-salahub-lab\/17th-demon-developers-workshop\">Canada 2017<\/a>, <a href=\"https:\/\/sites.google.com\/site\/demondevelopersworkshop2018gdl\/\">Mexico 2018<\/a>, <a href=\"http:\/\/www.19thDeMonDevelopersWK.universite-paris-saclay.fr\">France 2019<\/a>. <\/p>\n\n\n\n<figure class=\"wp-block-image size-large\"><img loading=\"lazy\" width=\"1024\" height=\"659\" src=\"http:\/\/www.20thDeMonDevelopersWK.universite-paris-saclay.fr\/wp-content\/uploads\/2021\/06\/Image5-1024x659.gif\" alt=\"\" class=\"wp-image-121\" srcset=\"http:\/\/www.20thDeMonDevelopersWK.universite-paris-saclay.fr\/wp-content\/uploads\/2021\/06\/Image5-1024x659.gif 1024w, http:\/\/www.20thDeMonDevelopersWK.universite-paris-saclay.fr\/wp-content\/uploads\/2021\/06\/Image5-300x193.gif 300w, http:\/\/www.20thDeMonDevelopersWK.universite-paris-saclay.fr\/wp-content\/uploads\/2021\/06\/Image5-768x494.gif 768w\" sizes=\"(max-width: 1024px) 100vw, 1024px\" \/><\/figure>\n\n\n\n<p style=\"font-size:18px\"><a href=\"https:\/\/20thdemonworkshop.wixsite.com\/20thdemonworkshop\" data-type=\"URL\" data-id=\"https:\/\/20thdemonworkshop.wixsite.com\/20thdemonworkshop\">The 20st workshop was supposed to take place in India in 2020<\/a>, but, unfortunately, had to be postponed because of the COVID sanitary crisis. <strong>The 20th deMon developers workshop will instead take place in 2021 virtually<\/strong>. We hope this virtual event will contribute to maintain the dynamics and friendly collaboration among the deMon developers\/users through these difficult times, and constitutes a good opportunity for our young colleagues to share their results with us.<\/p>\n\n\n\n<p style=\"font-size:18px\">The presentations will cover topics related to electronic structure methods, molecular property calculations and molecular dynamics techniques, simulations and analysis tools. Round table discussions will be also organized with the purpose to discuss the developing work in progress and to prepare the future action items.<\/p>\n\n\n\n<p class=\"has-medium-font-size\"><strong><em>Organizing committee:<\/em><\/strong><\/p>\n\n\n\n<p style=\"font-size:18px\">J\u00e9r\u00f4me Cuny (Universit\u00e9 Paul Sabatier, France)<\/p>\n\n\n\n<p style=\"font-size:18px\">Andreas M. K\u00f6ster (CINVESTAV, Mexico)<\/p>\n\n\n\n<p style=\"font-size:18px\">Aur\u00e9lien de la Lande (CNRS, Universit\u00e9 Paris Saclay, France)<\/p>\n\n\n\n<p style=\"font-size:18px\">Sailaja Krishnamurty (CSIR-National Chemical Laboratory, India)<\/p>\n\n\n\n<p style=\"font-size:18px\">Tzonka Mineva (CNRS, Institut Gerhardt, France)<\/p>\n\n\n\n<p style=\"font-size:18px\">Mathias Rapacioli (CNRS, Universit\u00e9 Paul Sabatier, France)<\/p>\n\n\n\n<p style=\"font-size:18px\">Dennis R. Salahub (University of Calgary, Canada)<\/p>\n\n\n\n<p><\/p>\n\n\n\n<p><\/p>\n","protected":false},"excerpt":{"rendered":"<p>History Since 2000 the &#8220;deMon developers workshops&#8221; serve to discuss the program evolutions. It has become a good custom to make it a scientific forum for discussions with\u00a0 scientists who are familiar with other methods, algorithms and programs, not common&hellip; <\/p>\n","protected":false},"author":1,"featured_media":0,"parent":0,"menu_order":1,"comment_status":"closed","ping_status":"closed","template":"","meta":[],"_links":{"self":[{"href":"http:\/\/www.20thDeMonDevelopersWK.universite-paris-saclay.fr\/index.php?rest_route=\/wp\/v2\/pages\/25"}],"collection":[{"href":"http:\/\/www.20thDeMonDevelopersWK.universite-paris-saclay.fr\/index.php?rest_route=\/wp\/v2\/pages"}],"about":[{"href":"http:\/\/www.20thDeMonDevelopersWK.universite-paris-saclay.fr\/index.php?rest_route=\/wp\/v2\/types\/page"}],"author":[{"embeddable":true,"href":"http:\/\/www.20thDeMonDevelopersWK.universite-paris-saclay.fr\/index.php?rest_route=\/wp\/v2\/users\/1"}],"replies":[{"embeddable":true,"href":"http:\/\/www.20thDeMonDevelopersWK.universite-paris-saclay.fr\/index.php?rest_route=%2Fwp%2Fv2%2Fcomments&post=25"}],"version-history":[{"count":16,"href":"http:\/\/www.20thDeMonDevelopersWK.universite-paris-saclay.fr\/index.php?rest_route=\/wp\/v2\/pages\/25\/revisions"}],"predecessor-version":[{"id":127,"href":"http:\/\/www.20thDeMonDevelopersWK.universite-paris-saclay.fr\/index.php?rest_route=\/wp\/v2\/pages\/25\/revisions\/127"}],"wp:attachment":[{"href":"http:\/\/www.20thDeMonDevelopersWK.universite-paris-saclay.fr\/index.php?rest_route=%2Fwp%2Fv2%2Fmedia&parent=25"}],"curies":[{"name":"wp","href":"https:\/\/api.w.org\/{rel}","templated":true}]}}